{"id":5,"date":"2020-11-27T12:43:26","date_gmt":"2020-11-27T11:43:26","guid":{"rendered":"http:\/\/daf2demain.fr\/?page_id=5"},"modified":"2020-11-27T19:15:06","modified_gmt":"2020-11-27T18:15:06","slug":"5-2","status":"publish","type":"page","link":"https:\/\/daf2demain.fr\/","title":{"rendered":"Site en construction"},"content":{"rendered":"\n<p class=\"has-text-align-center has-background-background-color has-text-color has-background has-larger-font-size\" style=\"color:#07035f\"><strong>DAF2demain, votre Directeur Administratif &amp; Financier ind\u00e9pendant en Auvergne Rh\u00f4ne-Alpes, arrive bient\u00f4t &#8230;<\/strong><\/p>\n\n\n\n<p class=\"has-primary-color has-background-background-color has-text-color has-background\"><strong>Contact &amp; informations : \n\t\t<SCRIPT type=\"text\/javascript\" language=\"javascript\">\n\t\t\t\t<!-- \n\t\t\t\tvar a=\"contact\";\n\t\t\t\ta+=\"@\";\n\t\t\t\ta +=\"daf2demain\";\n\t\t\t\ta +=\".\";\n\t\t\t\ta +=\"fr\";\n\t\t\t\tvar b=\"mail\";\n\t\t\t\tb += \"to\";\n\t\t\t\tdocument.write(\"<a href=\"+b+\":\"+a+\">\"+a+\"<\/a>\");\n\t\t\t\t\/\/-->\n\t\t\t<\/SCRIPT>\n<\/strong><\/p>\n\n\n\n<p><\/p>\n","protected":false},"excerpt":{"rendered":"<p>DAF2demain, votre Directeur Administratif &amp; Financier ind\u00e9pendant en Auvergne Rh\u00f4ne-Alpes, arrive bient\u00f4t &#8230; Contact &amp; informations :<\/p>\n","protected":false},"author":1,"featured_media":0,"parent":0,"menu_order":0,"comment_status":"closed","ping_status":"closed","template":"templates\/template-full-width.php","meta":[],"_links":{"self":[{"href":"https:\/\/daf2demain.fr\/index.php?rest_route=\/wp\/v2\/pages\/5"}],"collection":[{"href":"https:\/\/daf2demain.fr\/index.php?rest_route=\/wp\/v2\/pages"}],"about":[{"href":"https:\/\/daf2demain.fr\/index.php?rest_route=\/wp\/v2\/types\/page"}],"author":[{"embeddable":true,"href":"https:\/\/daf2demain.fr\/index.php?rest_route=\/wp\/v2\/users\/1"}],"replies":[{"embeddable":true,"href":"https:\/\/daf2demain.fr\/index.php?rest_route=%2Fwp%2Fv2%2Fcomments&post=5"}],"version-history":[{"count":12,"href":"https:\/\/daf2demain.fr\/index.php?rest_route=\/wp\/v2\/pages\/5\/revisions"}],"predecessor-version":[{"id":22,"href":"https:\/\/daf2demain.fr\/index.php?rest_route=\/wp\/v2\/pages\/5\/revisions\/22"}],"wp:attachment":[{"href":"https:\/\/daf2demain.fr\/index.php?rest_route=%2Fwp%2Fv2%2Fmedia&parent=5"}],"curies":[{"name":"wp","href":"https:\/\/api.w.org\/{rel}","templated":true}]}}